{"id":103,"date":"2016-08-10T12:46:52","date_gmt":"2016-08-10T10:46:52","guid":{"rendered":"http:\/\/ricdoi.fs.um.si\/?page_id=103"},"modified":"2024-10-09T13:06:05","modified_gmt":"2024-10-09T11:06:05","slug":"znanost-in-gospodarstvo","status":"publish","type":"page","link":"https:\/\/ricdoi.fs.um.si\/en\/znanost-in-gospodarstvo\/","title":{"rendered":""},"content":{"rendered":"\n<h2 class=\"wp-block-heading\"><strong><mark style=\"background-color:rgba(0, 0, 0, 0);color:#1c7ab0\" class=\"has-inline-color\">Znanost in gospodarstvo<\/mark><\/strong><\/h2>\n\n\n<p style=\"text-align: justify;\">V okviru Raziskovalno-inovacijskega centra za design in obla\u010dilno in\u017eenirstvo (RICDOI) se prizadevamo povezati znanost,\u00a0gospodarstvo\u00a0in izobra\u017eevanje.<\/p>\n<p style=\"text-align: justify;\">Namen centra je zagotoviti u\u010dinkovitost znanstveno-raziskovalnega delovanja na podro\u010dja inovativnega designa (funkcionalnih in inteligentnih obla\u010dil in\/ali drugih izdelkov za tehni\u010dno aplikacijo), modnega in unikatnega oblikovanja tekstilij in obla\u010dil ter inovativnih tehnologij na podro\u010dju obla\u010dilnega in\u017eenirstva, ergonomije toplotnega okolja in kompleksnega prou\u010devanje fiziologije obla\u010dil in udobja.<\/p>","protected":false},"excerpt":{"rendered":"<p>Znanost in gospodarstvo V okviru Raziskovalno-inovacijskega centra za design in obla\u010dilno in\u017eenirstvo (RICDOI) se prizadevamo povezati znanost,\u00a0gospodarstvo\u00a0in izobra\u017eevanje. Namen centra je zagotoviti u\u010dinkovitost znanstveno-raziskovalnega delovanja na podro\u010dja inovativnega designa (funkcionalnih in inteligentnih obla\u010dil in\/ali drugih izdelkov za tehni\u010dno aplikacijo), modnega<\/p>\n","protected":false},"author":2,"featured_media":0,"parent":0,"menu_order":0,"comment_status":"closed","ping_status":"closed","template":"","meta":{"footnotes":""},"translation":{"provider":"WPGlobus","version":"2.12.2","language":"en","enabled_languages":["si","en"],"languages":{"si":{"title":false,"content":true,"excerpt":false},"en":{"title":false,"content":false,"excerpt":false}}},"_links":{"self":[{"href":"https:\/\/ricdoi.fs.um.si\/en\/wp-json\/wp\/v2\/pages\/103"}],"collection":[{"href":"https:\/\/ricdoi.fs.um.si\/en\/wp-json\/wp\/v2\/pages"}],"about":[{"href":"https:\/\/ricdoi.fs.um.si\/en\/wp-json\/wp\/v2\/types\/page"}],"author":[{"embeddable":true,"href":"https:\/\/ricdoi.fs.um.si\/en\/wp-json\/wp\/v2\/users\/2"}],"replies":[{"embeddable":true,"href":"https:\/\/ricdoi.fs.um.si\/en\/wp-json\/wp\/v2\/comments?post=103"}],"version-history":[{"count":5,"href":"https:\/\/ricdoi.fs.um.si\/en\/wp-json\/wp\/v2\/pages\/103\/revisions"}],"predecessor-version":[{"id":2272,"href":"https:\/\/ricdoi.fs.um.si\/en\/wp-json\/wp\/v2\/pages\/103\/revisions\/2272"}],"wp:attachment":[{"href":"https:\/\/ricdoi.fs.um.si\/en\/wp-json\/wp\/v2\/media?parent=103"}],"curies":[{"name":"wp","href":"https:\/\/api.w.org\/{rel}","templated":true}]}}