{"id":129,"date":"2020-08-12T09:49:00","date_gmt":"2020-08-12T07:49:00","guid":{"rendered":"http:\/\/ricdoi.fs.um.si\/?page_id=129"},"modified":"2023-08-29T13:31:53","modified_gmt":"2023-08-29T11:31:53","slug":"zaposleni","status":"publish","type":"page","link":"https:\/\/ricdoi.fs.um.si\/en\/o-nas\/zaposleni\/","title":{"rendered":"Stuff"},"content":{"rendered":"\n<h1 class=\"wp-block-heading\">&nbsp;<\/h1>\n\n\n\n<figure class=\"wp-block-table\"><table><tbody><tr><td><strong>Ime in priimek<\/strong><\/td><td><strong>Izvolitev\/slu\u017eba<\/strong><\/td><td><strong>E-po\u0161ta<\/strong><\/td><td><strong>Prostor<\/strong><\/td><td><strong>Telefon<\/strong><\/td><\/tr><tr><td>Ger\u0161ak Jelka<\/td><td>Visoko\u0161olski u\u010ditelj<\/td><td>jelka.gersak@um.si<\/td><td>J2-321<\/td><td>02 220 7960<br><\/td><\/tr><tr><td>Rudolf Andreja<\/td><td>Visoko\u0161olski u\u010ditelj<\/td><td>andreja.rudolf@um.si<\/td><td>J2-402<\/td><td>02 220 7964<br><\/td><\/tr><tr><td>\u0160terman Sonja<\/td><td>Visoko\u0161olski u\u010ditelj<\/td><td>sonja.sterman@um.si<\/td><td>A-427<\/td><td>02 220 7966<br><\/td><\/tr><tr><td>Jeri\u010d Petra<\/td><td>Asistent<\/td><td>petra.jeric@um.si<\/td><td>A-427<\/td><td>02 220 7969<br><\/td><\/tr><tr><td>Penko Tadeja<\/td><td>Asistent<\/td><td>tadeja.penko@um.si<\/td><td>J2-331<\/td><td>02 220 7950<br><\/td><\/tr><tr><td>Slemen\u0161ek Jan<\/td><td>Mladi raziskovalec<\/td><td>jan.slemensek@um.si<\/td><td>J2-333<\/td><td>02 220 7597<br><\/td><\/tr><tr><td>Veli\u010dkovi\u0107 Sanja<\/td><td>Tehni\u0161ki sodelavec<\/td><td>sanja.velickovic@um.si<\/td><td>J2-333<\/td><td>02 220 7952<br><\/td><\/tr><\/tbody><\/table><\/figure>\n","protected":false},"excerpt":{"rendered":"<p>&nbsp; Ime in priimek Izvolitev\/slu\u017eba E-po\u0161ta Prostor Telefon Ger\u0161ak Jelka Visoko\u0161olski u\u010ditelj jelka.gersak@um.si J2-321 02 220 7960 Rudolf Andreja Visoko\u0161olski u\u010ditelj andreja.rudolf@um.si J2-402 02 220 7964 \u0160terman Sonja Visoko\u0161olski u\u010ditelj sonja.sterman@um.si A-427 02 220 7966 Jeri\u010d Petra Asistent petra.jeric@um.si A-427<\/p>\n","protected":false},"author":2,"featured_media":0,"parent":95,"menu_order":0,"comment_status":"closed","ping_status":"closed","template":"","meta":{"footnotes":""},"translation":{"provider":"WPGlobus","version":"2.12.2","language":"en","enabled_languages":["si","en"],"languages":{"si":{"title":true,"content":true,"excerpt":false},"en":{"title":true,"content":true,"excerpt":false}}},"_links":{"self":[{"href":"https:\/\/ricdoi.fs.um.si\/en\/wp-json\/wp\/v2\/pages\/129"}],"collection":[{"href":"https:\/\/ricdoi.fs.um.si\/en\/wp-json\/wp\/v2\/pages"}],"about":[{"href":"https:\/\/ricdoi.fs.um.si\/en\/wp-json\/wp\/v2\/types\/page"}],"author":[{"embeddable":true,"href":"https:\/\/ricdoi.fs.um.si\/en\/wp-json\/wp\/v2\/users\/2"}],"replies":[{"embeddable":true,"href":"https:\/\/ricdoi.fs.um.si\/en\/wp-json\/wp\/v2\/comments?post=129"}],"version-history":[{"count":74,"href":"https:\/\/ricdoi.fs.um.si\/en\/wp-json\/wp\/v2\/pages\/129\/revisions"}],"predecessor-version":[{"id":2219,"href":"https:\/\/ricdoi.fs.um.si\/en\/wp-json\/wp\/v2\/pages\/129\/revisions\/2219"}],"up":[{"embeddable":true,"href":"https:\/\/ricdoi.fs.um.si\/en\/wp-json\/wp\/v2\/pages\/95"}],"wp:attachment":[{"href":"https:\/\/ricdoi.fs.um.si\/en\/wp-json\/wp\/v2\/media?parent=129"}],"curies":[{"name":"wp","href":"https:\/\/api.w.org\/{rel}","templated":true}]}}