{"id":226,"date":"2016-08-12T10:10:56","date_gmt":"2016-08-12T08:10:56","guid":{"rendered":"http:\/\/ricdoi.fs.um.si\/?page_id=226"},"modified":"2024-10-09T11:56:54","modified_gmt":"2024-10-09T09:56:54","slug":"mednarodni-projekti-2","status":"publish","type":"page","link":"https:\/\/ricdoi.fs.um.si\/en\/mednarodni-projekti-2\/","title":{"rendered":"International projects"},"content":{"rendered":"<p><strong><span style=\"color: #006385;\">Mednarodni projekti<\/span><\/strong><\/p>\n<p>Vrsta projekta: Znanstvenoraziskovalno sodelovanje med Republiko Slovenijo in Zdru\u017eenimi dr\u017eavami Amerike<\/p>\n<p>\u0160ifra projekta: BI-US\/ 15-16-037<\/p>\n<p>Naslov projekta: <strong>A Study of Thermo-physiological Comfort of Protective Clothing worn by Pesticide Operators<\/strong><\/p>\n<p><em>\u0160tudij toplotno fiziolo\u0161kega udobja za\u0161\u010ditnih obla\u010dil za operatorje <\/em><i>pesticidov<\/i><\/p>\n<p>Naziv sodelujo\u010de RO: University of Maryland Eastern Shore, Department of Human Ecology<\/p>\n<p>Slovenski vodja: prof. dr. sc. Jelka Ger\u0161ak<\/p>\n<p>Vodja projektov v ZDA: prof. dr. Anugrah SHAW<\/p>\n<p>&nbsp;<\/p>\n<p>Vrsta projekta: Znanstvenoraziskovalno sodelovanje med Republiko Slovenijo in\u00a0Mad\u017earsko<\/p>\n<p>\u0160ifra projekta: BI-HU\/ 17-18-006<\/p>\n<p>Naslov projekta:\u00a0<strong>Relationship between athletes&#8217; motion and clothing physiology<\/strong><\/p>\n<p><em>\u0160tudij\u00a0odnosa med gibanjem \u0161portnikov in fiziologijo obla\u010dil<\/em><\/p>\n<p>Naziv sodelujo\u010de RO:\u00a0Budapest University of Technology and Economics, Faculty of Mechanical Engineering, Department of Polymer Engineering<\/p>\n<p>Slovenski vodja: prof. dr. sc. Jelka Ger\u0161ak<\/p>\n<p>Vodja projektov\u00a0na Mad\u017earskem: izr. prof. dr. Marianna HAL\u00c1SZ<\/p>\n<p>&nbsp;<\/p>\n<p>&nbsp;<\/p>\n","protected":false},"excerpt":{"rendered":"<p>Mednarodni projekti Vrsta projekta: Znanstvenoraziskovalno sodelovanje med Republiko Slovenijo in Zdru\u017eenimi dr\u017eavami Amerike \u0160ifra projekta: BI-US\/ 15-16-037 Naslov projekta: A Study of Thermo-physiological Comfort of Protective Clothing worn by Pesticide Operators \u0160tudij toplotno fiziolo\u0161kega udobja za\u0161\u010ditnih obla\u010dil za operatorje pesticidov<\/p>\n","protected":false},"author":2,"featured_media":0,"parent":0,"menu_order":0,"comment_status":"closed","ping_status":"closed","template":"","meta":{"footnotes":""},"translation":{"provider":"WPGlobus","version":"2.12.2","language":"en","enabled_languages":["si","en"],"languages":{"si":{"title":true,"content":true,"excerpt":false},"en":{"title":true,"content":false,"excerpt":false}}},"_links":{"self":[{"href":"https:\/\/ricdoi.fs.um.si\/en\/wp-json\/wp\/v2\/pages\/226"}],"collection":[{"href":"https:\/\/ricdoi.fs.um.si\/en\/wp-json\/wp\/v2\/pages"}],"about":[{"href":"https:\/\/ricdoi.fs.um.si\/en\/wp-json\/wp\/v2\/types\/page"}],"author":[{"embeddable":true,"href":"https:\/\/ricdoi.fs.um.si\/en\/wp-json\/wp\/v2\/users\/2"}],"replies":[{"embeddable":true,"href":"https:\/\/ricdoi.fs.um.si\/en\/wp-json\/wp\/v2\/comments?post=226"}],"version-history":[{"count":6,"href":"https:\/\/ricdoi.fs.um.si\/en\/wp-json\/wp\/v2\/pages\/226\/revisions"}],"predecessor-version":[{"id":2247,"href":"https:\/\/ricdoi.fs.um.si\/en\/wp-json\/wp\/v2\/pages\/226\/revisions\/2247"}],"wp:attachment":[{"href":"https:\/\/ricdoi.fs.um.si\/en\/wp-json\/wp\/v2\/media?parent=226"}],"curies":[{"name":"wp","href":"https:\/\/api.w.org\/{rel}","templated":true}]}}