{"id":253,"date":"2016-08-12T10:23:25","date_gmt":"2016-08-12T08:23:25","guid":{"rendered":"http:\/\/ricdoi.fs.um.si\/?page_id=253"},"modified":"2017-02-02T10:59:51","modified_gmt":"2017-02-02T08:59:51","slug":"testiranje-materialov-in-analize","status":"publish","type":"page","link":"https:\/\/ricdoi.fs.um.si\/en\/testiranje-materialov-in-analize\/","title":{"rendered":"Testiranje materialov in analize"},"content":{"rendered":"<p>Raziskovalno-inovacijski center za design in obla\u010dilno in\u017eenirstvo nudi sodelovanja, kot so:<\/p>\n<span class=\"genericon genericon-dot\"><\/span><a href=\"https:\/\/ricdoi.fs.um.si\/wp-content\/uploads\/2016\/08\/RICDOI-Testiranje-materialov-in-analize-00000002.pdf\">testiranja in analize<\/a>,<\/p>\n<span class=\"genericon genericon-dot\"><\/span>svetovanja,<\/p>\n<span class=\"genericon genericon-dot\"><\/span>strokovne ekspertize in<\/p>\n<span class=\"genericon genericon-dot\"><\/span>izobra\u017eevanja.<\/p>\n","protected":false},"excerpt":{"rendered":"<p>Raziskovalno-inovacijski center za design in obla\u010dilno in\u017eenirstvo nudi sodelovanja, kot so: testiranja in analize, svetovanja, strokovne ekspertize in izobra\u017eevanja.<\/p>\n","protected":false},"author":2,"featured_media":0,"parent":0,"menu_order":0,"comment_status":"closed","ping_status":"closed","template":"","meta":{"footnotes":""},"translation":{"provider":"WPGlobus","version":"2.12.2","language":"en","enabled_languages":["si","en"],"languages":{"si":{"title":true,"content":true,"excerpt":false},"en":{"title":true,"content":false,"excerpt":false}}},"_links":{"self":[{"href":"https:\/\/ricdoi.fs.um.si\/en\/wp-json\/wp\/v2\/pages\/253"}],"collection":[{"href":"https:\/\/ricdoi.fs.um.si\/en\/wp-json\/wp\/v2\/pages"}],"about":[{"href":"https:\/\/ricdoi.fs.um.si\/en\/wp-json\/wp\/v2\/types\/page"}],"author":[{"embeddable":true,"href":"https:\/\/ricdoi.fs.um.si\/en\/wp-json\/wp\/v2\/users\/2"}],"replies":[{"embeddable":true,"href":"https:\/\/ricdoi.fs.um.si\/en\/wp-json\/wp\/v2\/comments?post=253"}],"version-history":[{"count":6,"href":"https:\/\/ricdoi.fs.um.si\/en\/wp-json\/wp\/v2\/pages\/253\/revisions"}],"predecessor-version":[{"id":1695,"href":"https:\/\/ricdoi.fs.um.si\/en\/wp-json\/wp\/v2\/pages\/253\/revisions\/1695"}],"wp:attachment":[{"href":"https:\/\/ricdoi.fs.um.si\/en\/wp-json\/wp\/v2\/media?parent=253"}],"curies":[{"name":"wp","href":"https:\/\/api.w.org\/{rel}","templated":true}]}}