{"id":255,"date":"2016-08-12T10:23:45","date_gmt":"2016-08-12T08:23:45","guid":{"rendered":"http:\/\/ricdoi.fs.um.si\/?page_id=255"},"modified":"2024-10-11T09:15:56","modified_gmt":"2024-10-11T07:15:56","slug":"raziskovanje-s-sodelovanjem","status":"publish","type":"page","link":"https:\/\/ricdoi.fs.um.si\/en\/raziskovanje-s-sodelovanjem\/","title":{"rendered":"Ponudba storitev in podpora gospodarstvu"},"content":{"rendered":"<p>Analiza kakovostnih parametrov tekstilij in obla\u010dil: analiza parametrov mehanskih in fizikalnih lastnosti ploskih fleksibilnih materialov (ploske tekstilije, usnje, papir, folije itd.) dolo\u010denih s KES-FB in FAST merilnim sistemom, dolo\u010danje toplotnih lastnosti (toplotnega upora R<sub>ct<\/sub>, upora proti prehodu vodne pare R<sub>et<\/sub>, toplotne prevodnosti ploskih tekstilij l)<\/p>\n<p>Dolo\u010danje parametrov toplotno fiziolo\u0161kega udobja pri no\u0161enju obla\u010dil (vrednotenje toplotnih obremenitev s pomo\u010djo fiziolo\u0161kih meritev) pri razli\u010dnih klimatskih razmerah<\/p>\n<p>Konstruiranje temeljnih krojev in modeliranje krojev obla\u010dil, gradiranje krojnih delov obla\u010dil, virtualno prototipiranje obla\u010dil<\/p>\n<p>Konvencionalne analize in testiranja tekstilnih materialov (sukanci, ploske tekstilije) v skladu s standardi<\/p>\n<p>Poleg navedenega izvajamo tudi oblikovanje tekstilij in obla\u010dil ter strokovna mnenja o vzrokih nastalih te\u017eav v procesu izdelave obla\u010dil in zagotavljanju stopnje kakovosti izdelanih obla\u010dil, itd.<\/p>\n","protected":false},"excerpt":{"rendered":"<p>Analiza kakovostnih parametrov tekstilij in obla\u010dil: analiza parametrov mehanskih in fizikalnih lastnosti ploskih fleksibilnih materialov (ploske tekstilije, usnje, papir, folije itd.) dolo\u010denih s KES-FB in FAST merilnim sistemom, dolo\u010danje toplotnih lastnosti (toplotnega upora Rct, upora proti prehodu vodne pare Ret,<\/p>\n","protected":false},"author":2,"featured_media":0,"parent":0,"menu_order":0,"comment_status":"closed","ping_status":"closed","template":"","meta":{"footnotes":""},"translation":{"provider":"WPGlobus","version":"2.12.2","language":"en","enabled_languages":["si","en"],"languages":{"si":{"title":true,"content":true,"excerpt":false},"en":{"title":false,"content":false,"excerpt":false}}},"_links":{"self":[{"href":"https:\/\/ricdoi.fs.um.si\/en\/wp-json\/wp\/v2\/pages\/255"}],"collection":[{"href":"https:\/\/ricdoi.fs.um.si\/en\/wp-json\/wp\/v2\/pages"}],"about":[{"href":"https:\/\/ricdoi.fs.um.si\/en\/wp-json\/wp\/v2\/types\/page"}],"author":[{"embeddable":true,"href":"https:\/\/ricdoi.fs.um.si\/en\/wp-json\/wp\/v2\/users\/2"}],"replies":[{"embeddable":true,"href":"https:\/\/ricdoi.fs.um.si\/en\/wp-json\/wp\/v2\/comments?post=255"}],"version-history":[{"count":8,"href":"https:\/\/ricdoi.fs.um.si\/en\/wp-json\/wp\/v2\/pages\/255\/revisions"}],"predecessor-version":[{"id":2276,"href":"https:\/\/ricdoi.fs.um.si\/en\/wp-json\/wp\/v2\/pages\/255\/revisions\/2276"}],"wp:attachment":[{"href":"https:\/\/ricdoi.fs.um.si\/en\/wp-json\/wp\/v2\/media?parent=255"}],"curies":[{"name":"wp","href":"https:\/\/api.w.org\/{rel}","templated":true}]}}